{"id":79,"date":"2025-07-19T18:06:46","date_gmt":"2025-07-19T16:06:46","guid":{"rendered":"http:\/\/www.problegone.cz\/?page_id=79"},"modified":"2025-08-12T14:31:37","modified_gmt":"2025-08-12T12:31:37","slug":"darky","status":"publish","type":"page","link":"https:\/\/www.problegone.cz\/?page_id=79","title":{"rendered":"D\u00c1RKY"},"content":{"rendered":"\n<p>Ka\u017ed\u00fd pot\u0159ebuje ob\u010das pot\u011b\u0161it. A my tvo\u0159\u00edme v\u011bci, kter\u00e9 pot\u011b\u0161\u00ed zaru\u010den\u011b \u2013 proto\u017ee jsou osobn\u00ed, ru\u010dn\u011b d\u011blan\u00e9 a vznikaj\u00ed v\u017edy pro konkr\u00e9tn\u00edho \u010dlov\u011bka.<\/p>\n\n\n\n<p>Na zak\u00e1zku h\u00e1\u010dkujeme ply\u0161\u00e1ky, p\u0159\u00edv\u011bsky, kv\u011btiny, drobn\u00e9 dekorace, ale t\u0159eba i dinosaura nebo kostku z Minecraftu. Zku\u0161enosti m\u00e1me, vzory lad\u00edme do detailu a s chut\u00ed p\u0159ij\u00edm\u00e1me i netradi\u010dn\u00ed p\u0159\u00e1n\u00ed.<\/p>\n\n\n\n<p>Krom\u011b toho malujeme obrazy \u2013 vlastn\u00ed tvorbu i v\u011brn\u00e9 repliky slavn\u00fdch d\u011bl, podle zad\u00e1n\u00ed a stylu, kter\u00fd v\u00e1s bav\u00ed.<\/p>\n\n\n\n<hr class=\"wp-block-separator has-alpha-channel-opacity\"\/>\n\n\n\n<h3 class=\"wp-block-heading\">Co pro v\u00e1s vytvo\u0159\u00edme:<\/h3>\n\n\n\n<ul class=\"wp-block-list\">\n<li>h\u00e1\u010dkovan\u00e9 ply\u0161\u00e1ky, p\u0159\u00edv\u011b\u0161ky a figurky<\/li>\n\n\n\n<li>h\u00e1\u010dkovan\u00e9 kv\u011btiny a dekorace na m\u00edru<\/li>\n\n\n\n<li>obrazy a obr\u00e1zky (olejomalba i akryl)<\/li>\n\n\n\n<li>repliky slavn\u00fdch obraz\u016f podle va\u0161eho v\u00fdb\u011bru<\/li>\n\n\n\n<li>osobn\u00ed d\u00e1rky podle va\u0161\u00ed p\u0159edstavy<\/li>\n<\/ul>\n\n\n\n<hr class=\"wp-block-separator has-alpha-channel-opacity\"\/>\n\n\n\n<p>\ud83c\udf81 M\u00e1te n\u00e1pad? My mu d\u00e1me tvar.<\/p>\n\n\n\n<p>\ud83d\udcdd Pro v\u00edce informac\u00ed se n\u00e1m ozv\u011bte.<br>\ud83d\udcac Ceny stanovujeme individu\u00e1ln\u011b podle n\u00e1ro\u010dnosti a velikosti zak\u00e1zky.<\/p>\n\n\n\n<p>\ud83d\udce9 Kontaktujte n\u00e1s formul\u00e1\u0159em:<\/p>\n\n\n\n<div class=\"wpcf7 no-js\" id=\"wpcf7-f181-o1\" lang=\"cs-CZ\" dir=\"ltr\" data-wpcf7-id=\"181\">\n<div class=\"screen-reader-response\"><p role=\"status\" aria-live=\"polite\" aria-atomic=\"true\"><\/p> <ul><\/ul><\/div>\n<form action=\"\/index.php?rest_route=%2Fwp%2Fv2%2Fpages%2F79#wpcf7-f181-o1\" method=\"post\" class=\"wpcf7-form init\" aria-label=\"Kontaktn\u00ed formul\u00e1\u0159\" novalidate=\"novalidate\" data-status=\"init\">\n<fieldset class=\"hidden-fields-container\"><input type=\"hidden\" name=\"_wpcf7\" value=\"181\" \/><input type=\"hidden\" name=\"_wpcf7_version\" value=\"6.1.5\" \/><input type=\"hidden\" name=\"_wpcf7_locale\" value=\"cs_CZ\" \/><input type=\"hidden\" name=\"_wpcf7_unit_tag\" value=\"wpcf7-f181-o1\" \/><input type=\"hidden\" name=\"_wpcf7_container_post\" value=\"0\" \/><input type=\"hidden\" name=\"_wpcf7_posted_data_hash\" value=\"\" \/>\n<\/fieldset>\n<p><label> Va\u0161e jm\u00e9no<br \/>\n<span class=\"wpcf7-form-control-wrap\" data-name=\"your-name\"><input size=\"40\" maxlength=\"400\" class=\"wpcf7-form-control wpcf7-text wpcf7-validates-as-required\" autocomplete=\"name\" aria-required=\"true\" aria-invalid=\"false\" value=\"\" type=\"text\" name=\"your-name\" \/><\/span> <\/label>\n<\/p>\n<p><label> V\u00e1\u0161 e-mail<br \/>\n<span class=\"wpcf7-form-control-wrap\" data-name=\"your-email\"><input size=\"40\" maxlength=\"400\" class=\"wpcf7-form-control wpcf7-email wpcf7-validates-as-required wpcf7-text wpcf7-validates-as-email\" autocomplete=\"email\" aria-required=\"true\" aria-invalid=\"false\" value=\"\" type=\"email\" name=\"your-email\" \/><\/span> <\/label>\n<\/p>\n<p><label> P\u0159edm\u011bt<br \/>\n<span class=\"wpcf7-form-control-wrap\" data-name=\"your-subject\"><input size=\"40\" maxlength=\"400\" class=\"wpcf7-form-control wpcf7-text wpcf7-validates-as-required\" aria-required=\"true\" aria-invalid=\"false\" value=\"\" type=\"text\" name=\"your-subject\" \/><\/span> <\/label>\n<\/p>\n<p><label> Va\u0161e zpr\u00e1va (voliteln\u00fd)<br \/>\n<span class=\"wpcf7-form-control-wrap\" data-name=\"your-message\"><textarea cols=\"40\" rows=\"10\" maxlength=\"2000\" class=\"wpcf7-form-control wpcf7-textarea\" aria-invalid=\"false\" name=\"your-message\"><\/textarea><\/span> <\/label>\n<\/p>\n<p><input class=\"wpcf7-form-control wpcf7-submit has-spinner\" type=\"submit\" value=\"Odeslat\" \/>\n<\/p><div class=\"wpcf7-response-output\" aria-hidden=\"true\"><\/div>\n<\/form>\n<\/div>\n\n","protected":false},"excerpt":{"rendered":"<p>Ka\u017ed\u00fd pot\u0159ebuje ob\u010das pot\u011b\u0161it. A my tvo\u0159\u00edme v\u011bci, kter\u00e9 pot\u011b\u0161\u00ed zaru\u010den\u011b \u2013 proto\u017ee jsou osobn\u00ed, ru\u010dn\u011b d\u011blan\u00e9 a vznikaj\u00ed v\u017edy pro konkr\u00e9tn\u00edho \u010dlov\u011bka. Na zak\u00e1zku h\u00e1\u010dkujeme ply\u0161\u00e1ky, p\u0159\u00edv\u011bsky, kv\u011btiny, drobn\u00e9 dekorace, ale t\u0159eba i dinosaura nebo kostku z Minecraftu. Zku\u0161enosti m\u00e1me, vzory lad\u00edme do detailu a s chut\u00ed p\u0159ij\u00edm\u00e1me i netradi\u010dn\u00ed p\u0159\u00e1n\u00ed. Krom\u011b toho malujeme [&hellip;]<\/p>\n","protected":false},"author":1,"featured_media":0,"parent":0,"menu_order":0,"comment_status":"closed","ping_status":"closed","template":"","meta":{"footnotes":""},"class_list":["post-79","page","type-page","status-publish","hentry"],"_links":{"self":[{"href":"https:\/\/www.problegone.cz\/index.php?rest_route=\/wp\/v2\/pages\/79","targetHints":{"allow":["GET"]}}],"collection":[{"href":"https:\/\/www.problegone.cz\/index.php?rest_route=\/wp\/v2\/pages"}],"about":[{"href":"https:\/\/www.problegone.cz\/index.php?rest_route=\/wp\/v2\/types\/page"}],"author":[{"embeddable":true,"href":"https:\/\/www.problegone.cz\/index.php?rest_route=\/wp\/v2\/users\/1"}],"replies":[{"embeddable":true,"href":"https:\/\/www.problegone.cz\/index.php?rest_route=%2Fwp%2Fv2%2Fcomments&post=79"}],"version-history":[{"count":5,"href":"https:\/\/www.problegone.cz\/index.php?rest_route=\/wp\/v2\/pages\/79\/revisions"}],"predecessor-version":[{"id":190,"href":"https:\/\/www.problegone.cz\/index.php?rest_route=\/wp\/v2\/pages\/79\/revisions\/190"}],"wp:attachment":[{"href":"https:\/\/www.problegone.cz\/index.php?rest_route=%2Fwp%2Fv2%2Fmedia&parent=79"}],"curies":[{"name":"wp","href":"https:\/\/api.w.org\/{rel}","templated":true}]}}