{"id":77,"date":"2025-07-19T18:06:25","date_gmt":"2025-07-19T16:06:25","guid":{"rendered":"http:\/\/www.problegone.cz\/?page_id=77"},"modified":"2025-08-12T14:31:26","modified_gmt":"2025-08-12T12:31:26","slug":"administrativa","status":"publish","type":"page","link":"https:\/\/www.problegone.cz\/?page_id=77","title":{"rendered":"ADMINISTRATIVA"},"content":{"rendered":"\n<p>Spousta pap\u00edr\u016f, tabulek, p\u0159ehled\u016f a formul\u00e1\u0159\u016f? To m\u016f\u017ee b\u00fdt otrava \u2013 ale pro n\u00e1s je to ka\u017edodenn\u00ed rutina. Zorientujeme se za v\u00e1s ve v\u0161ech t\u011bch p\u0159ehledech, podkladech a v\u00fdkazech. Pom\u016f\u017eeme s p\u0159\u00edpravou dokumentace, komunikac\u00ed s \u00fa\u0159ady nebo zaji\u0161t\u011bn\u00edm agendy kolem odvod\u016f, p\u0159ehled\u016f, mezd a dal\u0161\u00edch \u00fakol\u016f.<\/p>\n\n\n\n<p>M\u00e1me mnohalet\u00e9 zku\u0161enosti s prac\u00ed na projektech, mzdovou i administrativn\u00ed agendou, p\u0159ehledy pro OSV\u010c, zakl\u00e1d\u00e1n\u00edm \u017eivnost\u00ed i p\u0159\u00edpravou doklad\u016f pro da\u0148ov\u00e1 p\u0159izn\u00e1n\u00ed. A to nejen pro jednotlivce, ale tak\u00e9 pro mal\u00e9 firmy, spolky a organizace.<\/p>\n\n\n\n<hr class=\"wp-block-separator has-alpha-channel-opacity\"\/>\n\n\n\n<h3 class=\"wp-block-heading\">Co v\u00e1m m\u016f\u017eeme nab\u00eddnout:<\/h3>\n\n\n\n<ul class=\"wp-block-list\">\n<li>p\u0159\u00edprava podklad\u016f k mzdov\u00e9 a da\u0148ov\u00e9 agend\u011b<\/li>\n\n\n\n<li>p\u0159ihl\u00e1\u0161ky a odhl\u00e1\u0161ky k poji\u0161t\u011bn\u00ed<\/li>\n\n\n\n<li>komunikace s \u00fa\u0159ady (F\u00da, OSSZ, zdravotn\u00ed poji\u0161\u0165ovny\u2026)<\/li>\n\n\n\n<li>p\u0159ehledy pro OSV\u010c<\/li>\n\n\n\n<li>p\u0159\u00edprava podklad\u016f pro da\u0148ov\u00e1 p\u0159izn\u00e1n\u00ed a vy\u00fa\u010dtov\u00e1n\u00ed projekt\u016f<\/li>\n\n\n\n<li>zakl\u00e1d\u00e1n\u00ed a zm\u011bny \u017eivnosti<\/li>\n\n\n\n<li>administrativn\u00ed podpora pro podnikatele, firmy i spolky<\/li>\n\n\n\n<li>projektov\u00e9 \u017e\u00e1dosti, administrativa a vy\u00fa\u010dtov\u00e1n\u00ed projekt\u016f<\/li>\n<\/ul>\n\n\n\n<hr class=\"wp-block-separator has-alpha-channel-opacity\"\/>\n\n\n\n<p>\ud83d\udcdd Pot\u0159ebujete jen radu, nebo rovnou n\u011bkoho, kdo to ud\u011bl\u00e1 za v\u00e1s? Ozv\u011bte se n\u00e1m.<br>\ud83d\udcac Ceny stanovujeme individu\u00e1ln\u011b podle typu a rozsahu zad\u00e1n\u00ed.<\/p>\n\n\n\n<p>\ud83d\udce9 Kontaktujte n\u00e1s formul\u00e1\u0159em:<\/p>\n\n\n\n<div class=\"wpcf7 no-js\" id=\"wpcf7-f181-o1\" lang=\"cs-CZ\" dir=\"ltr\" data-wpcf7-id=\"181\">\n<div class=\"screen-reader-response\"><p role=\"status\" aria-live=\"polite\" aria-atomic=\"true\"><\/p> <ul><\/ul><\/div>\n<form action=\"\/index.php?rest_route=%2Fwp%2Fv2%2Fpages%2F77#wpcf7-f181-o1\" method=\"post\" class=\"wpcf7-form init\" aria-label=\"Kontaktn\u00ed formul\u00e1\u0159\" novalidate=\"novalidate\" data-status=\"init\">\n<fieldset class=\"hidden-fields-container\"><input type=\"hidden\" name=\"_wpcf7\" value=\"181\" \/><input type=\"hidden\" name=\"_wpcf7_version\" value=\"6.1.5\" \/><input type=\"hidden\" name=\"_wpcf7_locale\" value=\"cs_CZ\" \/><input type=\"hidden\" name=\"_wpcf7_unit_tag\" value=\"wpcf7-f181-o1\" \/><input type=\"hidden\" name=\"_wpcf7_container_post\" value=\"0\" \/><input type=\"hidden\" name=\"_wpcf7_posted_data_hash\" value=\"\" \/>\n<\/fieldset>\n<p><label> Va\u0161e jm\u00e9no<br \/>\n<span class=\"wpcf7-form-control-wrap\" data-name=\"your-name\"><input size=\"40\" maxlength=\"400\" class=\"wpcf7-form-control wpcf7-text wpcf7-validates-as-required\" autocomplete=\"name\" aria-required=\"true\" aria-invalid=\"false\" value=\"\" type=\"text\" name=\"your-name\" \/><\/span> <\/label>\n<\/p>\n<p><label> V\u00e1\u0161 e-mail<br \/>\n<span class=\"wpcf7-form-control-wrap\" data-name=\"your-email\"><input size=\"40\" maxlength=\"400\" class=\"wpcf7-form-control wpcf7-email wpcf7-validates-as-required wpcf7-text wpcf7-validates-as-email\" autocomplete=\"email\" aria-required=\"true\" aria-invalid=\"false\" value=\"\" type=\"email\" name=\"your-email\" \/><\/span> <\/label>\n<\/p>\n<p><label> P\u0159edm\u011bt<br \/>\n<span class=\"wpcf7-form-control-wrap\" data-name=\"your-subject\"><input size=\"40\" maxlength=\"400\" class=\"wpcf7-form-control wpcf7-text wpcf7-validates-as-required\" aria-required=\"true\" aria-invalid=\"false\" value=\"\" type=\"text\" name=\"your-subject\" \/><\/span> <\/label>\n<\/p>\n<p><label> Va\u0161e zpr\u00e1va (voliteln\u00fd)<br \/>\n<span class=\"wpcf7-form-control-wrap\" data-name=\"your-message\"><textarea cols=\"40\" rows=\"10\" maxlength=\"2000\" class=\"wpcf7-form-control wpcf7-textarea\" aria-invalid=\"false\" name=\"your-message\"><\/textarea><\/span> <\/label>\n<\/p>\n<p><input class=\"wpcf7-form-control wpcf7-submit has-spinner\" type=\"submit\" value=\"Odeslat\" \/>\n<\/p><div class=\"wpcf7-response-output\" aria-hidden=\"true\"><\/div>\n<\/form>\n<\/div>\n\n","protected":false},"excerpt":{"rendered":"<p>Spousta pap\u00edr\u016f, tabulek, p\u0159ehled\u016f a formul\u00e1\u0159\u016f? To m\u016f\u017ee b\u00fdt otrava \u2013 ale pro n\u00e1s je to ka\u017edodenn\u00ed rutina. Zorientujeme se za v\u00e1s ve v\u0161ech t\u011bch p\u0159ehledech, podkladech a v\u00fdkazech. Pom\u016f\u017eeme s p\u0159\u00edpravou dokumentace, komunikac\u00ed s \u00fa\u0159ady nebo zaji\u0161t\u011bn\u00edm agendy kolem odvod\u016f, p\u0159ehled\u016f, mezd a dal\u0161\u00edch \u00fakol\u016f. M\u00e1me mnohalet\u00e9 zku\u0161enosti s prac\u00ed na projektech, mzdovou i [&hellip;]<\/p>\n","protected":false},"author":1,"featured_media":0,"parent":0,"menu_order":0,"comment_status":"closed","ping_status":"closed","template":"","meta":{"footnotes":""},"class_list":["post-77","page","type-page","status-publish","hentry"],"_links":{"self":[{"href":"https:\/\/www.problegone.cz\/index.php?rest_route=\/wp\/v2\/pages\/77","targetHints":{"allow":["GET"]}}],"collection":[{"href":"https:\/\/www.problegone.cz\/index.php?rest_route=\/wp\/v2\/pages"}],"about":[{"href":"https:\/\/www.problegone.cz\/index.php?rest_route=\/wp\/v2\/types\/page"}],"author":[{"embeddable":true,"href":"https:\/\/www.problegone.cz\/index.php?rest_route=\/wp\/v2\/users\/1"}],"replies":[{"embeddable":true,"href":"https:\/\/www.problegone.cz\/index.php?rest_route=%2Fwp%2Fv2%2Fcomments&post=77"}],"version-history":[{"count":6,"href":"https:\/\/www.problegone.cz\/index.php?rest_route=\/wp\/v2\/pages\/77\/revisions"}],"predecessor-version":[{"id":189,"href":"https:\/\/www.problegone.cz\/index.php?rest_route=\/wp\/v2\/pages\/77\/revisions\/189"}],"wp:attachment":[{"href":"https:\/\/www.problegone.cz\/index.php?rest_route=%2Fwp%2Fv2%2Fmedia&parent=77"}],"curies":[{"name":"wp","href":"https:\/\/api.w.org\/{rel}","templated":true}]}}