{"id":75,"date":"2025-07-19T18:06:05","date_gmt":"2025-07-19T16:06:05","guid":{"rendered":"http:\/\/www.problegone.cz\/?page_id=75"},"modified":"2025-08-12T14:31:09","modified_gmt":"2025-08-12T12:31:09","slug":"skola","status":"publish","type":"page","link":"https:\/\/www.problegone.cz\/?page_id=75","title":{"rendered":"\u0160KOLA"},"content":{"rendered":"\n<p>Pom\u016f\u017eeme s refer\u00e1ty, prezentacemi, portfolii i p\u0159\u00edpravou na p\u0159ij\u00edma\u010dky. <\/p>\n\n\n\n<p>Dou\u010dujeme, vysv\u011btlujeme, p\u0159ipravujeme k p\u0159ezkou\u0161en\u00edm i repar\u00e1t\u016fm. Um\u00edme b\u00fdt par\u0165\u00e1kem na cest\u011b ke zvl\u00e1dnut\u00ed \u0161koln\u00edch v\u00fdzev \u2013 s trp\u011blivost\u00ed, respektem a d\u016frazem na v\u00fdsledek.<\/p>\n\n\n\n<p><br>\ud83e\udde9 M\u00e1me mnohalet\u00e9 zku\u0161enosti s dou\u010dov\u00e1n\u00edm i podporou d\u011bt\u00ed na dom\u00e1c\u00edm vzd\u011bl\u00e1v\u00e1n\u00ed. Dlouhodob\u011b se v\u011bnujeme p\u0159\u00edprav\u011b na jednotn\u00e9 p\u0159ij\u00edmac\u00ed zkou\u0161ky na S\u0160, tvorb\u011b portfoli\u00ed a \u0161koln\u00edch podklad\u016f.<\/p>\n\n\n\n<p><strong>Nab\u00edz\u00edme:<\/strong><\/p>\n\n\n\n<ul class=\"wp-block-list\">\n<li>Vypracov\u00e1n\u00ed refer\u00e1t\u016f a prezentac\u00ed na m\u00edru<\/li>\n\n\n\n<li>Tvorbu portfolia pro dom\u00e1c\u00ed vzd\u011bl\u00e1v\u00e1n\u00ed<\/li>\n\n\n\n<li>Pravideln\u00e9 individu\u00e1ln\u00ed dou\u010dov\u00e1n\u00ed<\/li>\n\n\n\n<li>P\u0159\u00edpravu na jednotn\u00e9 p\u0159ij\u00edmac\u00ed zkou\u0161ky (\u010cJ, M)<\/li>\n\n\n\n<li>P\u0159\u00edpravu na p\u0159ezkou\u0161en\u00ed a repar\u00e1ty<\/li>\n\n\n\n<li>Podporu p\u0159i volb\u011b stylu u\u010den\u00ed, u\u010debnic i pl\u00e1nov\u00e1n\u00ed<\/li>\n<\/ul>\n\n\n\n<p>\ud83d\udcac <em>Cena slu\u017eeb je stanovena individu\u00e1ln\u011b podle typu zad\u00e1n\u00ed a rozsahu.<\/em><\/p>\n\n\n\n<p>\ud83d\udce9 Kontaktujte n\u00e1s formul\u00e1\u0159em:<\/p>\n\n\n\n<div class=\"wpcf7 no-js\" id=\"wpcf7-f181-o1\" lang=\"cs-CZ\" dir=\"ltr\" data-wpcf7-id=\"181\">\n<div class=\"screen-reader-response\"><p role=\"status\" aria-live=\"polite\" aria-atomic=\"true\"><\/p> <ul><\/ul><\/div>\n<form action=\"\/index.php?rest_route=%2Fwp%2Fv2%2Fpages%2F75#wpcf7-f181-o1\" method=\"post\" class=\"wpcf7-form init\" aria-label=\"Kontaktn\u00ed formul\u00e1\u0159\" novalidate=\"novalidate\" data-status=\"init\">\n<fieldset class=\"hidden-fields-container\"><input type=\"hidden\" name=\"_wpcf7\" value=\"181\" \/><input type=\"hidden\" name=\"_wpcf7_version\" value=\"6.1.5\" \/><input type=\"hidden\" name=\"_wpcf7_locale\" value=\"cs_CZ\" \/><input type=\"hidden\" name=\"_wpcf7_unit_tag\" value=\"wpcf7-f181-o1\" \/><input type=\"hidden\" name=\"_wpcf7_container_post\" value=\"0\" \/><input type=\"hidden\" name=\"_wpcf7_posted_data_hash\" value=\"\" \/>\n<\/fieldset>\n<p><label> Va\u0161e jm\u00e9no<br \/>\n<span class=\"wpcf7-form-control-wrap\" data-name=\"your-name\"><input size=\"40\" maxlength=\"400\" class=\"wpcf7-form-control wpcf7-text wpcf7-validates-as-required\" autocomplete=\"name\" aria-required=\"true\" aria-invalid=\"false\" value=\"\" type=\"text\" name=\"your-name\" \/><\/span> <\/label>\n<\/p>\n<p><label> V\u00e1\u0161 e-mail<br \/>\n<span class=\"wpcf7-form-control-wrap\" data-name=\"your-email\"><input size=\"40\" maxlength=\"400\" class=\"wpcf7-form-control wpcf7-email wpcf7-validates-as-required wpcf7-text wpcf7-validates-as-email\" autocomplete=\"email\" aria-required=\"true\" aria-invalid=\"false\" value=\"\" type=\"email\" name=\"your-email\" \/><\/span> <\/label>\n<\/p>\n<p><label> P\u0159edm\u011bt<br \/>\n<span class=\"wpcf7-form-control-wrap\" data-name=\"your-subject\"><input size=\"40\" maxlength=\"400\" class=\"wpcf7-form-control wpcf7-text wpcf7-validates-as-required\" aria-required=\"true\" aria-invalid=\"false\" value=\"\" type=\"text\" name=\"your-subject\" \/><\/span> <\/label>\n<\/p>\n<p><label> Va\u0161e zpr\u00e1va (voliteln\u00fd)<br \/>\n<span class=\"wpcf7-form-control-wrap\" data-name=\"your-message\"><textarea cols=\"40\" rows=\"10\" maxlength=\"2000\" class=\"wpcf7-form-control wpcf7-textarea\" aria-invalid=\"false\" name=\"your-message\"><\/textarea><\/span> <\/label>\n<\/p>\n<p><input class=\"wpcf7-form-control wpcf7-submit has-spinner\" type=\"submit\" value=\"Odeslat\" \/>\n<\/p><div class=\"wpcf7-response-output\" aria-hidden=\"true\"><\/div>\n<\/form>\n<\/div>\n\n","protected":false},"excerpt":{"rendered":"<p>Pom\u016f\u017eeme s refer\u00e1ty, prezentacemi, portfolii i p\u0159\u00edpravou na p\u0159ij\u00edma\u010dky. Dou\u010dujeme, vysv\u011btlujeme, p\u0159ipravujeme k p\u0159ezkou\u0161en\u00edm i repar\u00e1t\u016fm. Um\u00edme b\u00fdt par\u0165\u00e1kem na cest\u011b ke zvl\u00e1dnut\u00ed \u0161koln\u00edch v\u00fdzev \u2013 s trp\u011blivost\u00ed, respektem a d\u016frazem na v\u00fdsledek. \ud83e\udde9 M\u00e1me mnohalet\u00e9 zku\u0161enosti s dou\u010dov\u00e1n\u00edm i podporou d\u011bt\u00ed na dom\u00e1c\u00edm vzd\u011bl\u00e1v\u00e1n\u00ed. Dlouhodob\u011b se v\u011bnujeme p\u0159\u00edprav\u011b na jednotn\u00e9 p\u0159ij\u00edmac\u00ed zkou\u0161ky na S\u0160, [&hellip;]<\/p>\n","protected":false},"author":1,"featured_media":0,"parent":0,"menu_order":0,"comment_status":"closed","ping_status":"closed","template":"","meta":{"footnotes":""},"class_list":["post-75","page","type-page","status-publish","hentry"],"_links":{"self":[{"href":"https:\/\/www.problegone.cz\/index.php?rest_route=\/wp\/v2\/pages\/75","targetHints":{"allow":["GET"]}}],"collection":[{"href":"https:\/\/www.problegone.cz\/index.php?rest_route=\/wp\/v2\/pages"}],"about":[{"href":"https:\/\/www.problegone.cz\/index.php?rest_route=\/wp\/v2\/types\/page"}],"author":[{"embeddable":true,"href":"https:\/\/www.problegone.cz\/index.php?rest_route=\/wp\/v2\/users\/1"}],"replies":[{"embeddable":true,"href":"https:\/\/www.problegone.cz\/index.php?rest_route=%2Fwp%2Fv2%2Fcomments&post=75"}],"version-history":[{"count":6,"href":"https:\/\/www.problegone.cz\/index.php?rest_route=\/wp\/v2\/pages\/75\/revisions"}],"predecessor-version":[{"id":188,"href":"https:\/\/www.problegone.cz\/index.php?rest_route=\/wp\/v2\/pages\/75\/revisions\/188"}],"wp:attachment":[{"href":"https:\/\/www.problegone.cz\/index.php?rest_route=%2Fwp%2Fv2%2Fmedia&parent=75"}],"curies":[{"name":"wp","href":"https:\/\/api.w.org\/{rel}","templated":true}]}}