{"id":130,"date":"2025-07-20T19:35:36","date_gmt":"2025-07-20T17:35:36","guid":{"rendered":"http:\/\/www.problegone.cz\/?page_id=130"},"modified":"2025-07-20T21:09:37","modified_gmt":"2025-07-20T19:09:37","slug":"zname-specifika-uprchliku-z-ukrajiny","status":"publish","type":"page","link":"https:\/\/www.problegone.cz\/?page_id=130","title":{"rendered":"Zn\u00e1me specifika uprchl\u00edk\u016f z Ukrajiny"},"content":{"rendered":"\n<p> Pracujeme s nimi denn\u011b a orientujeme se v legislativ\u011b.<\/p>\n\n\n<div class=\"claps-toggle-text\" style=\"--collapse-hf:1px;--collapse-ht:1px;\" data-title=\"Zobrazit v\u00edce\" data-swaptitle=\"Collapse to read less\" data-icon=\"&#9660;\" data-swapicon=\"&#9650;\" data-ht=\"1px\" data-hf=\"1px\" data-above=\"0\"><div class=\"claps-text-inner claps-text-toggle-collapsed\"><\/p>\n<p data-start=\"173\" data-end=\"316\">Uprchl\u00edci z Ukrajiny \u010del\u00ed specifick\u00fdm v\u00fdzv\u00e1m, a\u0165 u\u017e jde o jazykovou bari\u00e9ru, pr\u00e1vn\u00ed nejasnosti nebo neznalost m\u00edstn\u00ed kultury a administrativy.<\/p>\n<p data-start=\"318\" data-end=\"559\">Od po\u010d\u00e1tku v\u00e1lky jsme s nimi v ka\u017edodenn\u00edm kontaktu a m\u00e1me hlubok\u00e9 znalosti jak v oblasti jejich pot\u0159eb, tak v legislativn\u00edch postupech, kter\u00e9 se k nim vztahuj\u00ed. Rozum\u00edme tomu, co pot\u0159ebuj\u00ed, jak\u00e9 kroky mus\u00ed podniknout a co je pro n\u011b kl\u00ed\u010dov\u00e9.<\/p>\n<p data-start=\"561\" data-end=\"661\">Zn\u00e1me v\u0161echny d\u016fle\u017eit\u00e9 souvislosti a r\u00e1di v\u00e1m pom\u016f\u017eeme orientovat se v t\u011bchto specifick\u00fdch t\u00e9matech.<\/p>\n<p data-start=\"663\" data-end=\"672\"><\/div><\/div>\n","protected":false},"excerpt":{"rendered":"<p>Pracujeme s nimi denn\u011b a orientujeme se v legislativ\u011b.<\/p>\n","protected":false},"author":1,"featured_media":0,"parent":0,"menu_order":0,"comment_status":"closed","ping_status":"closed","template":"","meta":{"footnotes":""},"class_list":["post-130","page","type-page","status-publish","hentry"],"_links":{"self":[{"href":"https:\/\/www.problegone.cz\/index.php?rest_route=\/wp\/v2\/pages\/130","targetHints":{"allow":["GET"]}}],"collection":[{"href":"https:\/\/www.problegone.cz\/index.php?rest_route=\/wp\/v2\/pages"}],"about":[{"href":"https:\/\/www.problegone.cz\/index.php?rest_route=\/wp\/v2\/types\/page"}],"author":[{"embeddable":true,"href":"https:\/\/www.problegone.cz\/index.php?rest_route=\/wp\/v2\/users\/1"}],"replies":[{"embeddable":true,"href":"https:\/\/www.problegone.cz\/index.php?rest_route=%2Fwp%2Fv2%2Fcomments&post=130"}],"version-history":[{"count":2,"href":"https:\/\/www.problegone.cz\/index.php?rest_route=\/wp\/v2\/pages\/130\/revisions"}],"predecessor-version":[{"id":162,"href":"https:\/\/www.problegone.cz\/index.php?rest_route=\/wp\/v2\/pages\/130\/revisions\/162"}],"wp:attachment":[{"href":"https:\/\/www.problegone.cz\/index.php?rest_route=%2Fwp%2Fv2%2Fmedia&parent=130"}],"curies":[{"name":"wp","href":"https:\/\/api.w.org\/{rel}","templated":true}]}}