{"id":128,"date":"2025-07-20T19:35:14","date_gmt":"2025-07-20T17:35:14","guid":{"rendered":"http:\/\/www.problegone.cz\/?page_id=128"},"modified":"2025-07-20T21:07:44","modified_gmt":"2025-07-20T19:07:44","slug":"jedname-fer","status":"publish","type":"page","link":"https:\/\/www.problegone.cz\/?page_id=128","title":{"rendered":"Jedn\u00e1me f\u00e9r"},"content":{"rendered":"\n<p>V\u00edte p\u0159edem, co m\u016f\u017eete \u010dekat i kolik to bude st\u00e1t.<\/p>\n\n\n<div class=\"claps-toggle-text\" style=\"--collapse-hf:1px;--collapse-ht:1px;\" data-title=\"Zobrazit v\u00edce\" data-swaptitle=\"Collapse to read less\" data-icon=\"&#9660;\" data-swapicon=\"&#9650;\" data-ht=\"1px\" data-hf=\"1px\" data-above=\"0\"><div class=\"claps-text-inner claps-text-toggle-collapsed\"><\/p>\n<p data-start=\"216\" data-end=\"318\">Nechceme ml\u017eit, slibovat nemo\u017en\u00e9 nebo v\u00e1s p\u0159ekvapit cenou na posledn\u00ed chv\u00edli. Jasn\u00e1 domluva je z\u00e1klad.<\/p>\n<p data-start=\"320\" data-end=\"529\">V\u017edycky v\u00e1m dop\u0159edu \u0159ekneme, co pro v\u00e1s m\u016f\u017eeme ud\u011blat, jak to bude prob\u00edhat i kolik to bude st\u00e1t. \u017d\u00e1dn\u00e9 skryt\u00e9 poplatky, \u017e\u00e1dn\u00e9 zbyte\u010dn\u00e9 prodlu\u017eov\u00e1n\u00ed \u2013 jen srozumiteln\u00e9 podm\u00ednky a dohoda, na kter\u00e9 se d\u00e1 stav\u011bt.<\/p>\n<p data-start=\"531\" data-end=\"580\">F\u00e9rov\u00fd p\u0159\u00edstup pro n\u00e1s nen\u00ed fr\u00e1ze. Je to z\u00e1vazek.<\/p>\n<p data-start=\"582\" data-end=\"591\"><\/div><\/div>\n","protected":false},"excerpt":{"rendered":"<p>V\u00edte p\u0159edem, co m\u016f\u017eete \u010dekat i kolik to bude st\u00e1t.<\/p>\n","protected":false},"author":1,"featured_media":0,"parent":0,"menu_order":0,"comment_status":"closed","ping_status":"closed","template":"","meta":{"footnotes":""},"class_list":["post-128","page","type-page","status-publish","hentry"],"_links":{"self":[{"href":"https:\/\/www.problegone.cz\/index.php?rest_route=\/wp\/v2\/pages\/128","targetHints":{"allow":["GET"]}}],"collection":[{"href":"https:\/\/www.problegone.cz\/index.php?rest_route=\/wp\/v2\/pages"}],"about":[{"href":"https:\/\/www.problegone.cz\/index.php?rest_route=\/wp\/v2\/types\/page"}],"author":[{"embeddable":true,"href":"https:\/\/www.problegone.cz\/index.php?rest_route=\/wp\/v2\/users\/1"}],"replies":[{"embeddable":true,"href":"https:\/\/www.problegone.cz\/index.php?rest_route=%2Fwp%2Fv2%2Fcomments&post=128"}],"version-history":[{"count":2,"href":"https:\/\/www.problegone.cz\/index.php?rest_route=\/wp\/v2\/pages\/128\/revisions"}],"predecessor-version":[{"id":161,"href":"https:\/\/www.problegone.cz\/index.php?rest_route=\/wp\/v2\/pages\/128\/revisions\/161"}],"wp:attachment":[{"href":"https:\/\/www.problegone.cz\/index.php?rest_route=%2Fwp%2Fv2%2Fmedia&parent=128"}],"curies":[{"name":"wp","href":"https:\/\/api.w.org\/{rel}","templated":true}]}}