{"id":126,"date":"2025-07-20T19:34:51","date_gmt":"2025-07-20T17:34:51","guid":{"rendered":"http:\/\/www.problegone.cz\/?page_id=126"},"modified":"2025-07-20T20:56:02","modified_gmt":"2025-07-20T18:56:02","slug":"pomahame-s-tim-co-prave-potrebujete","status":"publish","type":"page","link":"https:\/\/www.problegone.cz\/?page_id=126","title":{"rendered":"Pom\u00e1h\u00e1me s t\u00edm, co pr\u00e1v\u011b pot\u0159ebujete"},"content":{"rendered":"\n<p>Um\u00edme poradit i za\u0159\u00eddit.<\/p>\n\n\n<div class=\"claps-toggle-text\" style=\"--collapse-hf:1px;--collapse-ht:1px;\" data-title=\"Zobrazit v\u00edce\" data-swaptitle=\"Collapse to read less\" data-icon=\"&#9660;\" data-swapicon=\"&#9650;\" data-ht=\"1px\" data-hf=\"1px\" data-above=\"0\"><div class=\"claps-text-inner claps-text-toggle-collapsed\"><\/p>\n<p>Denn\u011b \u0159e\u0161\u00edme konkr\u00e9tn\u00ed situace \u2013 vy\u00fa\u010dtov\u00e1n\u00ed z\u00e1loh od majitel\u016f byt\u016f, n\u00e1jemn\u00ed a podn\u00e1jemn\u00ed smlouvy, pracovn\u00ed smlouvy, v\u00fdpov\u011bdi i dohody. Pom\u00e1h\u00e1me s pojistkami, \u017e\u00e1dostmi, n\u00e1vrhy a orientac\u00ed ve formul\u00e1\u0159\u00edch.<\/p>\n<p>Vyzn\u00e1me se v nada\u010dn\u00edm prost\u0159ed\u00ed a um\u00edme p\u0159ipravit smysluplnou \u017e\u00e1dost. Nechrl\u00edme obecn\u00e9 rady \u2013 v\u011bnujeme se tomu, co opravdu pot\u0159ebujete pr\u00e1v\u011b te\u010f.<\/p>\n<p>N\u011bkdy jdeme s v\u00e1mi \u2013 t\u0159eba na \u00fa\u0159ad nebo jednat s majitelem bytu. Jindy jen vysv\u011btl\u00edme, co se bude d\u00edt, jak\u00e9 m\u00e1te mo\u017enosti, jak se m\u016f\u017eete br\u00e1nit a kdy u\u017e je t\u0159eba \u0159e\u0161it v\u011bc soudn\u011b.<\/p>\n<p><\/div><\/div>\n","protected":false},"excerpt":{"rendered":"<p>Um\u00edme poradit i za\u0159\u00eddit.<\/p>\n","protected":false},"author":1,"featured_media":0,"parent":0,"menu_order":0,"comment_status":"closed","ping_status":"closed","template":"","meta":{"footnotes":""},"class_list":["post-126","page","type-page","status-publish","hentry"],"_links":{"self":[{"href":"https:\/\/www.problegone.cz\/index.php?rest_route=\/wp\/v2\/pages\/126","targetHints":{"allow":["GET"]}}],"collection":[{"href":"https:\/\/www.problegone.cz\/index.php?rest_route=\/wp\/v2\/pages"}],"about":[{"href":"https:\/\/www.problegone.cz\/index.php?rest_route=\/wp\/v2\/types\/page"}],"author":[{"embeddable":true,"href":"https:\/\/www.problegone.cz\/index.php?rest_route=\/wp\/v2\/users\/1"}],"replies":[{"embeddable":true,"href":"https:\/\/www.problegone.cz\/index.php?rest_route=%2Fwp%2Fv2%2Fcomments&post=126"}],"version-history":[{"count":2,"href":"https:\/\/www.problegone.cz\/index.php?rest_route=\/wp\/v2\/pages\/126\/revisions"}],"predecessor-version":[{"id":158,"href":"https:\/\/www.problegone.cz\/index.php?rest_route=\/wp\/v2\/pages\/126\/revisions\/158"}],"wp:attachment":[{"href":"https:\/\/www.problegone.cz\/index.php?rest_route=%2Fwp%2Fv2%2Fmedia&parent=126"}],"curies":[{"name":"wp","href":"https:\/\/api.w.org\/{rel}","templated":true}]}}