{"id":120,"date":"2025-07-20T19:32:36","date_gmt":"2025-07-20T17:32:36","guid":{"rendered":"http:\/\/www.problegone.cz\/?page_id=120"},"modified":"2025-07-30T13:43:51","modified_gmt":"2025-07-30T11:43:51","slug":"bereme-vas-vazne","status":"publish","type":"page","link":"https:\/\/www.problegone.cz\/?page_id=120","title":{"rendered":"Bereme v\u00e1s v\u00e1\u017en\u011b"},"content":{"rendered":"\n<p>Ka\u017ed\u00fd p\u0159\u00edb\u011bh je jin\u00fd a ka\u017ed\u00fd si zaslou\u017e\u00ed individu\u00e1ln\u00ed p\u0159\u00edstup.<\/p>\n\n\n<div class=\"claps-toggle-text\" style=\"--collapse-hf:1px;--collapse-ht:1px;\" data-title=\"Zobrazit v\u00edce\" data-swaptitle=\"Collapse to read less\" data-icon=\"&#9660;\" data-swapicon=\"&#9650;\" data-ht=\"1px\" data-hf=\"1px\" data-above=\"0\"><div class=\"claps-text-inner claps-text-toggle-collapsed\"><\/p>\n<p>\u017d\u00e1dn\u00e9 dv\u011b \u017eivotn\u00ed situace nejsou stejn\u00e9. Nehodnot\u00edme, ne\u0161katulkujeme, neshazujeme. Ka\u017ed\u00fd \u010dlov\u011bk p\u0159ich\u00e1z\u00ed s vlastn\u00edm p\u0159\u00edb\u011bhem, a ten si zaslou\u017e\u00ed respekt a pozornost.<\/p>\n<p>Na\u0161\u00ed z\u00e1sadou je naslouchat bez p\u0159edsudk\u016f a bez zbyte\u010dn\u00fdch ot\u00e1zek. V\u011b\u0159\u00edme, \u017ee i zd\u00e1nliv\u011b mal\u00e9 starosti mohou b\u00fdt pro n\u011bkoho obrovskou z\u00e1t\u011b\u017e\u00ed \u2013 a \u017ee se vyplat\u00ed hledat \u0159e\u0161en\u00ed spole\u010dn\u011b.<\/p>\n<p>N\u011bkdy sta\u010d\u00ed jen kr\u00e1tk\u00e1 konzultace, jindy je pot\u0159eba v\u00edc \u010dasu. Ale a\u0165 u\u017e pot\u0159ebujete poradit, pomoct nebo jen ujistit \u2013 bereme v\u00e1s v\u00e1\u017en\u011b.<\/p>\n<p><\/div><\/div>\n","protected":false},"excerpt":{"rendered":"<p>Ka\u017ed\u00fd p\u0159\u00edb\u011bh je jin\u00fd a ka\u017ed\u00fd si zaslou\u017e\u00ed individu\u00e1ln\u00ed p\u0159\u00edstup.<\/p>\n","protected":false},"author":1,"featured_media":0,"parent":0,"menu_order":0,"comment_status":"closed","ping_status":"closed","template":"","meta":{"footnotes":""},"class_list":["post-120","page","type-page","status-publish","hentry"],"_links":{"self":[{"href":"https:\/\/www.problegone.cz\/index.php?rest_route=\/wp\/v2\/pages\/120","targetHints":{"allow":["GET"]}}],"collection":[{"href":"https:\/\/www.problegone.cz\/index.php?rest_route=\/wp\/v2\/pages"}],"about":[{"href":"https:\/\/www.problegone.cz\/index.php?rest_route=\/wp\/v2\/types\/page"}],"author":[{"embeddable":true,"href":"https:\/\/www.problegone.cz\/index.php?rest_route=\/wp\/v2\/users\/1"}],"replies":[{"embeddable":true,"href":"https:\/\/www.problegone.cz\/index.php?rest_route=%2Fwp%2Fv2%2Fcomments&post=120"}],"version-history":[{"count":16,"href":"https:\/\/www.problegone.cz\/index.php?rest_route=\/wp\/v2\/pages\/120\/revisions"}],"predecessor-version":[{"id":157,"href":"https:\/\/www.problegone.cz\/index.php?rest_route=\/wp\/v2\/pages\/120\/revisions\/157"}],"wp:attachment":[{"href":"https:\/\/www.problegone.cz\/index.php?rest_route=%2Fwp%2Fv2%2Fmedia&parent=120"}],"curies":[{"name":"wp","href":"https:\/\/api.w.org\/{rel}","templated":true}]}}